{"id":6173,"date":"2021-03-31T15:27:09","date_gmt":"2021-03-31T13:27:09","guid":{"rendered":"https:\/\/www.ersilivia.com\/mentions-legales\/"},"modified":"2021-05-03T16:30:44","modified_gmt":"2021-05-03T14:30:44","slug":"avviso-legale","status":"publish","type":"page","link":"https:\/\/www.ersilivia.com\/it\/avviso-legale\/","title":{"rendered":"Avviso legale"},"content":{"rendered":"<p>[vc_row row_content_width=&#8221;grid&#8221; css=&#8221;.vc_custom_1617197002638{padding-top: 133px !important;}&#8221;][vc_column offset=&#8221;vc_col-lg-offset-1 vc_col-lg-10 vc_col-md-offset-0 vc_col-md-12 vc_col-sm-offset-0&#8243;]<div class=\"qodef-section-title-holder  qodef-st-standard qodef-st-title-left qodef-st-normal-space  \" style=\"text-align: center\">\n\t<div class=\"qodef-st-inner\">\n        \t\t\t\t\t<h1 class=\"qodef-st-title\" >\n\t\t\t\tAvviso legale\t\t\t<\/h1>\n\t\t\t\t\t<\/div>\n<\/div>[\/vc_column][\/vc_row][vc_row row_content_width=&#8221;grid&#8221; css=&#8221;.vc_custom_1617196981378{margin-bottom: 75px !important;}&#8221;][vc_column][vc_column_text]<\/p>\n<h3><strong>LA CASA DI ERSILIA &amp; LIVIA<\/strong><\/h3>\n<p>La sede principale : 27 RUE DES HUGUENOTS \u2013 83670 TAVERNES<br \/>\nSIRET : 41931200400023<\/p>\n<p>&nbsp;<\/p>\n<h3>SServizi commerciali e clienti :<\/h3>\n<p>40 Rue Henri Moissan ZI de Jarlard \u2013 81000 ALBI<br \/>\nTelefono : 01.39.33.13.91 \u2013 Fax 01.39.92.82.62<br \/>\nLA CASA DI ERSILIA &amp; LIVIA si impegna a rispettare tutte le leggi relative alla costituzione e all&#8217;attivit\u00e0 di un sito web. L&#8217;editore richiama l&#8217;attenzione degli utenti del proprio sito sui seguenti punti :<\/p>\n<p>&nbsp;<\/p>\n<h3>Condizioni di accesso e utilizzo<\/h3>\n<p>Questo sito in lingua francese \u00e8 un sito informativo rivolto ai clienti di LA CASA DI ERSILIA &amp; LIVIA, solo ai non clienti, di seguito denominati &#8220;utenti Internet&#8221;. Questo sito web \u00e8 soggetto alla legge francese. L&#8217;utente di Internet riconosce di aver letto questa carta e si impegna a rispettarla.<\/p>\n<p>Si ricorda che la segretezza della corrispondenza non \u00e8 garantita su Internet e che spetta a ciascun utente di Internet adottare tutte le misure appropriate per proteggere i propri dati e \/ o software.<\/p>\n<p>&nbsp;<\/p>\n<h3>Collegamenti ipertestuali e informazioni fornite<\/h3>\n<p>Questo sito include in particolare informazioni rese disponibili da societ\u00e0 esterne o collegamenti ipertestuali ad altri siti che non sono stati sviluppati da LA CASA DI ERSILIA &amp; LIVIA e non sono sotto la sua responsabilit\u00e0.<\/p>\n<p>L&#8217;esistenza di un collegamento da LA CASA DI ERSILIA &amp; LIVIA su un altro sito non costituisce convalida di questo sito o del suo contenuto. Spetta all&#8217;utente di Internet utilizzare queste informazioni con discernimento e spirito critico. L&#8217;editore non pu\u00f2 essere ritenuto responsabile per le informazioni, le opinioni e le raccomandazioni fornite da queste terze parti.<\/p>\n<p>Qualsiasi collegamento ipertestuale al sito LA CASA DI ERSILIA &amp; LIVIA deve essere soggetta ad espressa autorizzazione preventiva dell&#8217;editore. Il contenuto reso disponibile su questo sito \u00e8 fornito a scopo informativo e pu\u00f2 essere modificato in un secondo momento.<\/p>\n<p>Si ricordano i rischi insiti nella trasmissione elettronica delle informazioni: \u00e8 probabile che si verifichino ritardi, omissioni o inesattezze. Queste informazioni vengono fornite cos\u00ec come sono, indipendentemente dalla loro fonte.<\/p>\n<p>&nbsp;<\/p>\n<h3>Prezzi<\/h3>\n<p>L&#8217;accesso a questo sito \u00e8 gratuito, esclusi i fornitori di servizi Internet e le spese telefoniche che vengono fatturate direttamente dagli operatori.<\/p>\n<p>&nbsp;<\/p>\n<h3>Informatica e libert\u00e0<\/h3>\n<p>Le informazioni ed i dati personali inseriti nel sito LA CASA DI ERSILIA &amp; LIVIA dagli utenti di Internet e raccolti da LA CASA DI ERSILIA &amp; LIVIA in qualit\u00e0 di Titolare del trattamento verranno utilizzati e comunicati esclusivamente ai destinatari di seguito indicati e dichiarati alla Commissione Nazionale Informatica e Libert\u00e0 ai soli fini:<\/p>\n<p>&#8211; avvisi e-mail;<br \/>\n&#8211; gestione delle richieste di informazioni;<br \/>\n&#8211; prospezione commerciale;<br \/>\nI dati contrassegnati da asterisco sui moduli e sui questionari sono necessari per la gestione delle operazioni sopra indicate. Il mancato conferimento dei dati obbligatori comporter\u00e0 l&#8217;impossibilit\u00e0 di utilizzare la funzionalit\u00e0.<\/p>\n<p>Queste informazioni possono dar luogo all&#8217;esercizio del diritto di accesso, comunicazione, opposizione e rettifica alle condizioni previste dalla legge n \u00b0 78-17 del 6 gennaio 1978 relativa al trattamento dei dati, ai file e alle libert\u00e0 (*). In caso di opposizione all&#8217;utilizzo dei dati per scopi di prospezione per posta, le spese di bollo saranno rimborsate su richiesta.<\/p>\n<p>L&#8217;utente di Internet pu\u00f2 opporsi alla ricezione di sollecitazioni commerciali per la presentazione dei prodotti e dei servizi di LA CASA DI ERSILIA &amp; LIVIA indicando che non desidera essere sollecitato nella raccolta dei suoi dati tramite una casella di spunta o successivamente contattando il webmaster.<\/p>\n<p>(*) Per esercitarlo, contattare :<\/p>\n<p>Per posta a:<br \/>\nLA CASA DI ERSILIA &amp; LIVIA<br \/>\n27 RUE DES HUGUENOTS<br \/>\n83670 TAVERNES<br \/>\nTelefono : +337 86 00 98 85<\/p>\n<p>Qualsiasi prospezione tramite telefono automatico, e-mail o fax, nonch\u00e9 qualsiasi trasferimento o noleggio di dati per scopi di prospezione utilizzando questi mezzi sar\u00e0 effettuato solo con il previo consenso dell&#8217;utente Internet interessato a ricevere sondaggi tramite questo canale o \/ e il trasferimento dei suoi dati.<\/p>\n<p>Le informazioni personali vengono comunicate a terzi solo per adempiere ad obblighi di legge e regolamentari.<\/p>\n<p>&nbsp;<\/p>\n<h3>Diritto d&#8217;autore<\/h3>\n<p>Il sito dovrebbe essere visto come un insieme inseparabile. Le informazioni in essa contenute sono riservate ad uso esclusivamente personale e non possono essere riprodotte o comunicate in tutto o in parte. Tutti i dati (testi, suoni o immagini) che compaiono nelle pagine di questo sito sono di propriet\u00e0 esclusiva di LA CASA DI ERSILIA &amp; LIVIA o i suoi partner. \u00c8 vietata qualsiasi riproduzione, rappresentazione o distribuzione, per scopi diversi da quelli personali, in tutto o in parte del contenuto di questo sito su qualsiasi supporto o con qualsiasi processo. Il mancato rispetto di questo divieto costituisce una violazione che pu\u00f2 impegnare la responsabilit\u00e0 civile e penale dell&#8217;autore della violazione. \u00c8 severamente vietato utilizzare o riprodurre il nome \u201cLA CASA DI ERSILIA &amp; LIVIA &#8220;e \/ o il suo logo, da solo o in associazione, a qualsiasi titolo, ed in particolare a fini pubblicitari, senza il preventivo consenso scritto di LA CASA DI ERSILIA &amp; LIVIA.<\/p>\n<p>Download o qualsiasi altra forma di copia di software o informazioni su LA CASA DI ERSILIA &amp; LIVIA non ti d\u00e0 alcun diritto su di loro. Non puoi riprodurre (in tutto o in parte) n\u00e9 trasmettere (elettronicamente o in altro modo), n\u00e9 modificare, n\u00e9 utilizzare LA CASA DI ERSILIA &amp; LIVIA per scopi pubblici o commerciali, o creare collegamenti con essa, senza la preventiva autorizzazione scritta di LA CASA DI ERSILIA &amp; LIVIA. I dati diffusi nel sito sono di propriet\u00e0 esclusiva dei rispettivi titolari.<\/p>\n<p>L&#8217;utente di Internet si impegna :<\/p>\n<p>&#8211; non utilizzare i servizi di LA CASA DI ERSILIA &amp; LIVIA oi dati personali a cui avrebbe potuto avere accesso;<br \/>\n&#8211; non offrire prodotti e servizi de LA CASA DI ERSILIA &amp; LIVIA che gli consenta di ottenere una remunerazione direttamente o indirettamente;<br \/>\n&#8211; non limitare l&#8217;accesso e l&#8217;utilizzo de LA CASA DI ERSILIA &amp; LIVIA;<br \/>\n&#8211; a non modificare alcuna menzione o elemento de LA CASA DI ERSILIA &amp; LIVIA;<br \/>\n&#8211; non inviare messaggi di posta elettronica di massa o posta ordinaria non richiesti ad altri utenti di Internet.<\/p>\n<p>&nbsp;<\/p>\n<h3>Progettazione, produzione e hosting:<\/h3>\n<p><strong>Kaiman<\/strong>\u00a0<a href=\"https:\/\/www.kaiman.fr\/\" target=\"_blank\" rel=\"noopener noreferrer\">https:\/\/www.kaiman.fr<\/a>[\/vc_column_text][\/vc_column][\/vc_row]<\/p>\n","protected":false},"excerpt":{"rendered":"<p>[vc_row row_content_width=&#8221;grid&#8221; css=&#8221;.vc_custom_1617197002638{padding-top: 133px !important;}&#8221;][vc_column offset=&#8221;vc_col-lg-offset-1 vc_col-lg-10 vc_col-md-offset-0 vc_col-md-12 vc_col-sm-offset-0&#8243;][\/vc_column][\/vc_row][vc_row row_content_width=&#8221;grid&#8221; css=&#8221;.vc_custom_1617196981378{margin-bottom: 75px !important;}&#8221;][vc_column][vc_column_text] LA CASA DI ERSILIA &amp; LIVIA La sede principale : 27 RUE DES HUGUENOTS \u2013 83670 TAVERNES SIRET : 41931200400023 &nbsp; SServizi commerciali e clienti : 40 Rue Henri Moissan ZI de Jarlard \u2013 81000 ALBI [&hellip;]<\/p>\n","protected":false},"author":3,"featured_media":0,"parent":0,"menu_order":0,"comment_status":"closed","ping_status":"closed","template":"full-width.php","meta":[],"yoast_head":"<!-- This site is optimized with the Yoast SEO plugin v16.2 - https:\/\/yoast.com\/wordpress\/plugins\/seo\/ -->\n<title>Avviso legale - La Casa di Ersilia &amp; Livia<\/title>\n<meta name=\"robots\" content=\"noindex, follow\" \/>\n<meta property=\"og:locale\" content=\"it_IT\" \/>\n<meta property=\"og:type\" content=\"article\" \/>\n<meta property=\"og:title\" content=\"Avviso legale - La Casa di Ersilia &amp; Livia\" \/>\n<meta property=\"og:description\" content=\"[vc_row row_content_width=&#8221;grid&#8221; css=&#8221;.vc_custom_1617197002638{padding-top: 133px !important;}&#8221;][vc_column offset=&#8221;vc_col-lg-offset-1 vc_col-lg-10 vc_col-md-offset-0 vc_col-md-12 vc_col-sm-offset-0&#8243;][\/vc_column][\/vc_row][vc_row row_content_width=&#8221;grid&#8221; css=&#8221;.vc_custom_1617196981378{margin-bottom: 75px !important;}&#8221;][vc_column][vc_column_text] LA CASA DI ERSILIA &amp; LIVIA La sede principale : 27 RUE DES HUGUENOTS \u2013 83670 TAVERNES SIRET : 41931200400023 &nbsp; SServizi commerciali e clienti : 40 Rue Henri Moissan ZI de Jarlard \u2013 81000 ALBI [&hellip;]\" \/>\n<meta property=\"og:url\" content=\"https:\/\/www.ersilivia.com\/it\/avviso-legale\/\" \/>\n<meta property=\"og:site_name\" content=\"La Casa di Ersilia &amp; Livia\" \/>\n<meta property=\"article:modified_time\" content=\"2021-05-03T14:30:44+00:00\" \/>\n<meta property=\"og:image\" content=\"https:\/\/www.ersilivia.com\/wp-content\/uploads\/2021\/03\/slider-accueil-casadiersilialivia.jpg\" \/>\n\t<meta property=\"og:image:width\" content=\"2000\" \/>\n\t<meta property=\"og:image:height\" content=\"1010\" \/>\n<meta name=\"twitter:card\" content=\"summary_large_image\" \/>\n<script type=\"application\/ld+json\" class=\"yoast-schema-graph\">{\"@context\":\"https:\/\/schema.org\",\"@graph\":[{\"@type\":[\"Person\",\"Organization\"],\"@id\":\"https:\/\/www.ersilivia.com\/#\/schema\/person\/c7abddadecdcfc21dc2ba066b2547212\",\"name\":\"casadersilialivia\",\"image\":{\"@type\":\"ImageObject\",\"@id\":\"https:\/\/www.ersilivia.com\/#personlogo\",\"inLanguage\":\"it-IT\",\"url\":\"https:\/\/www.ersilivia.com\/wp-content\/uploads\/2021\/03\/slider-accueil-casadiersilialivia.jpg\",\"contentUrl\":\"https:\/\/www.ersilivia.com\/wp-content\/uploads\/2021\/03\/slider-accueil-casadiersilialivia.jpg\",\"width\":2000,\"height\":1010,\"caption\":\"casadersilialivia\"},\"logo\":{\"@id\":\"https:\/\/www.ersilivia.com\/#personlogo\"},\"sameAs\":[\"https:\/\/www.ersilivia.com\"]},{\"@type\":\"WebSite\",\"@id\":\"https:\/\/www.ersilivia.com\/#website\",\"url\":\"https:\/\/www.ersilivia.com\/\",\"name\":\"La Casa di Ersilia &amp; Livia\",\"description\":\"Maison de Vacances Ollolai - Sardaigne Italie\",\"publisher\":{\"@id\":\"https:\/\/www.ersilivia.com\/#\/schema\/person\/c7abddadecdcfc21dc2ba066b2547212\"},\"potentialAction\":[{\"@type\":\"SearchAction\",\"target\":\"https:\/\/www.ersilivia.com\/?s={search_term_string}\",\"query-input\":\"required name=search_term_string\"}],\"inLanguage\":\"it-IT\"},{\"@type\":\"WebPage\",\"@id\":\"https:\/\/www.ersilivia.com\/it\/avviso-legale\/#webpage\",\"url\":\"https:\/\/www.ersilivia.com\/it\/avviso-legale\/\",\"name\":\"Avviso legale - La Casa di Ersilia &amp; Livia\",\"isPartOf\":{\"@id\":\"https:\/\/www.ersilivia.com\/#website\"},\"datePublished\":\"2021-03-31T13:27:09+00:00\",\"dateModified\":\"2021-05-03T14:30:44+00:00\",\"breadcrumb\":{\"@id\":\"https:\/\/www.ersilivia.com\/it\/avviso-legale\/#breadcrumb\"},\"inLanguage\":\"it-IT\",\"potentialAction\":[{\"@type\":\"ReadAction\",\"target\":[\"https:\/\/www.ersilivia.com\/it\/avviso-legale\/\"]}]},{\"@type\":\"BreadcrumbList\",\"@id\":\"https:\/\/www.ersilivia.com\/it\/avviso-legale\/#breadcrumb\",\"itemListElement\":[{\"@type\":\"ListItem\",\"position\":1,\"item\":{\"@type\":\"WebPage\",\"@id\":\"https:\/\/www.ersilivia.com\/it\/\",\"url\":\"https:\/\/www.ersilivia.com\/it\/\",\"name\":\"Accueil\"}},{\"@type\":\"ListItem\",\"position\":2,\"item\":{\"@id\":\"https:\/\/www.ersilivia.com\/it\/avviso-legale\/#webpage\"}}]}]}<\/script>\n<!-- \/ Yoast SEO plugin. -->","_links":{"self":[{"href":"https:\/\/www.ersilivia.com\/it\/wp-json\/wp\/v2\/pages\/6173"}],"collection":[{"href":"https:\/\/www.ersilivia.com\/it\/wp-json\/wp\/v2\/pages"}],"about":[{"href":"https:\/\/www.ersilivia.com\/it\/wp-json\/wp\/v2\/types\/page"}],"author":[{"embeddable":true,"href":"https:\/\/www.ersilivia.com\/it\/wp-json\/wp\/v2\/users\/3"}],"replies":[{"embeddable":true,"href":"https:\/\/www.ersilivia.com\/it\/wp-json\/wp\/v2\/comments?post=6173"}],"version-history":[{"count":3,"href":"https:\/\/www.ersilivia.com\/it\/wp-json\/wp\/v2\/pages\/6173\/revisions"}],"predecessor-version":[{"id":6176,"href":"https:\/\/www.ersilivia.com\/it\/wp-json\/wp\/v2\/pages\/6173\/revisions\/6176"}],"wp:attachment":[{"href":"https:\/\/www.ersilivia.com\/it\/wp-json\/wp\/v2\/media?parent=6173"}],"curies":[{"name":"wp","href":"https:\/\/api.w.org\/{rel}","templated":true}]}}